{"id":15,"date":"2020-07-26T12:21:51","date_gmt":"2020-07-26T08:21:51","guid":{"rendered":"https:\/\/leujournal.com\/?page_id=15"},"modified":"2020-08-16T15:56:46","modified_gmt":"2020-08-16T11:56:46","slug":"a-propos","status":"publish","type":"page","link":"https:\/\/www.leujournal.com\/index.php\/a-propos\/","title":{"rendered":"A Propos"},"content":{"rendered":"\n<p>Bienvenue sur le journal libre et participatif Saint-Leusien.<\/p>\n\n\n\n<p>La libre information est de mise dans ce journal qui se veut d\u00e9mocratique en laissant la possibilit\u00e9 \u00e0 chaque citoyen Saint-Leusien d\u2019\u00e9crire des articles.<\/p>\n\n\n\n<p>Que vous soyez artistes, commer\u00e7ants, que vous souhaitez partager vos histoires de quartiers, vos anecdotes historiques, oubli\u00e9es, ou tout simplement l\u2019actualit\u00e9 de la ville : votre place est dans ce journal.<\/p>\n\n\n\n<p>Proposez votre article et nous le publierons !<\/p>\n\n\n\n<p>Pour participer \u00e0 l\u2019aventure envoyez nous vos \u00e9crits \u00e0 redaction@leujournal.com<\/p>\n\n\n\n<p>Le projet est port\u00e9 par l&rsquo;association Leu Journal.<\/p>\n","protected":false},"excerpt":{"rendered":"<p>Bienvenue sur le journal libre et participatif Saint-Leusien. La libre information est de mise dans ce journal qui se veut&#8230;<\/p>\n","protected":false},"author":1,"featured_media":0,"parent":0,"menu_order":0,"comment_status":"closed","ping_status":"closed","template":"","meta":[],"_links":{"self":[{"href":"https:\/\/www.leujournal.com\/index.php\/wp-json\/wp\/v2\/pages\/15"}],"collection":[{"href":"https:\/\/www.leujournal.com\/index.php\/wp-json\/wp\/v2\/pages"}],"about":[{"href":"https:\/\/www.leujournal.com\/index.php\/wp-json\/wp\/v2\/types\/page"}],"author":[{"embeddable":true,"href":"https:\/\/www.leujournal.com\/index.php\/wp-json\/wp\/v2\/users\/1"}],"replies":[{"embeddable":true,"href":"https:\/\/www.leujournal.com\/index.php\/wp-json\/wp\/v2\/comments?post=15"}],"version-history":[{"count":6,"href":"https:\/\/www.leujournal.com\/index.php\/wp-json\/wp\/v2\/pages\/15\/revisions"}],"predecessor-version":[{"id":99,"href":"https:\/\/www.leujournal.com\/index.php\/wp-json\/wp\/v2\/pages\/15\/revisions\/99"}],"wp:attachment":[{"href":"https:\/\/www.leujournal.com\/index.php\/wp-json\/wp\/v2\/media?parent=15"}],"curies":[{"name":"wp","href":"https:\/\/api.w.org\/{rel}","templated":true}]}}